{"id":5879,"date":"2024-09-11T10:53:09","date_gmt":"2024-09-11T08:53:09","guid":{"rendered":"https:\/\/kulto925.com\/?post_type=product&#038;p=5879"},"modified":"2026-04-14T14:55:44","modified_gmt":"2026-04-14T12:55:44","slug":"collana-in-argento925-con-zircone-pendente","status":"publish","type":"product","link":"https:\/\/kulto925.com\/en\/shop\/necklaces\/collana-in-argento925-con-zircone-pendente\/","title":{"rendered":"Collana in Argento925 con zircone pendente"},"content":{"rendered":"<p>L&#8217;argento 925 ha sempre attirato gli sguardi su di s\u00e9! Puro o combinato con l&#8217;oro, l&#8217;oro rosa o le pietre preziose, l&#8217;argento continuamente regala meravigliosi gioielli per completare il look. Kulto925 riscopre il vero DNA dell&#8217;argento. Il lusso \u00e8 semplicit\u00e0 e il brand sottolinea la nuova idea di femminilit\u00e0: audace, dinamica e sicura di s\u00e9. Kulto925 presenta bracciali, collane e anelli in argento 925 con l&#8217;intento di catturare l&#8217;attenzione, uno sguardo anche discreto, o far risplendere l&#8217;eleganza al punto giusto. Ogni gioiello \u00e8 un dettaglio di stile che racconta qualcosa di unico. Kulto925 \u00e8 piccoli argenti, grandi passioni!<\/p>\n","protected":false},"excerpt":{"rendered":"<p>Collana in argento 925 rodio oppure oro giallo. Colore pietra: bianco, zaffiro, rosa, oppure verde mela. Lunghezza: 38 cm regolabile a 43 cm.<\/p>\n","protected":false},"featured_media":5839,"template":"","meta":{"_acf_changed":false},"product_brand":[],"product_cat":[20],"product_tag":[187,29],"class_list":{"0":"post-5879","1":"product","2":"type-product","3":"status-publish","4":"has-post-thumbnail","6":"product_cat-collane","7":"product_tag-black-friday-2025","8":"product_tag-easy-diamond","9":"pa_colore-azzurro","10":"pa_colore-bianco","11":"pa_colore-blu","12":"pa_colore-oro","13":"pa_colore-rosa","14":"pa_colore-verde-chiaro","16":"first","17":"instock","18":"taxable","19":"shipping-taxable","20":"purchasable","21":"product-type-variable"},"acf":[],"yoast_head":"<!-- This site is optimized with the Yoast SEO plugin v27.3 - https:\/\/yoast.com\/product\/yoast-seo-wordpress\/ -->\n<title>Collana in Argento925 con zircone pendente - Kulto 925<\/title>\n<meta name=\"robots\" content=\"index, follow, max-snippet:-1, max-image-preview:large, max-video-preview:-1\" \/>\n<link rel=\"canonical\" href=\"https:\/\/kulto925.com\/en\/shop\/necklaces\/collana-in-argento925-con-zircone-pendente\/\" \/>\n<meta property=\"og:locale\" content=\"en_US\" \/>\n<meta property=\"og:type\" content=\"article\" \/>\n<meta property=\"og:title\" content=\"Collana in Argento925 con zircone pendente - Kulto 925\" \/>\n<meta property=\"og:description\" content=\"Collana in argento 925 rodio oppure oro giallo. Colore pietra: bianco, zaffiro, rosa, oppure verde mela. Lunghezza: 38 cm regolabile a 43 cm.\" \/>\n<meta property=\"og:url\" content=\"https:\/\/kulto925.com\/en\/shop\/necklaces\/collana-in-argento925-con-zircone-pendente\/\" \/>\n<meta property=\"og:site_name\" content=\"Kulto 925\" \/>\n<meta property=\"article:modified_time\" content=\"2026-04-14T12:55:44+00:00\" \/>\n<meta property=\"og:image\" content=\"https:\/\/kulto925.com\/wp-content\/uploads\/2024\/07\/K925-280.jpg\" \/>\n\t<meta property=\"og:image:width\" content=\"1200\" \/>\n\t<meta property=\"og:image:height\" content=\"1200\" \/>\n\t<meta property=\"og:image:type\" content=\"image\/jpeg\" \/>\n<meta name=\"twitter:card\" content=\"summary_large_image\" \/>\n<meta name=\"twitter:label1\" content=\"Est. reading time\" \/>\n\t<meta name=\"twitter:data1\" content=\"1 minute\" \/>\n<script type=\"application\/ld+json\" class=\"yoast-schema-graph\">{\"@context\":\"https:\\\/\\\/schema.org\",\"@graph\":[{\"@type\":\"WebPage\",\"@id\":\"https:\\\/\\\/kulto925.com\\\/en\\\/shop\\\/necklaces\\\/collana-in-argento925-con-zircone-pendente\\\/\",\"url\":\"https:\\\/\\\/kulto925.com\\\/en\\\/shop\\\/necklaces\\\/collana-in-argento925-con-zircone-pendente\\\/\",\"name\":\"Collana in Argento925 con zircone pendente - Kulto 925\",\"isPartOf\":{\"@id\":\"https:\\\/\\\/kulto925.com\\\/en\\\/#website\"},\"primaryImageOfPage\":{\"@id\":\"https:\\\/\\\/kulto925.com\\\/en\\\/shop\\\/necklaces\\\/collana-in-argento925-con-zircone-pendente\\\/#primaryimage\"},\"image\":{\"@id\":\"https:\\\/\\\/kulto925.com\\\/en\\\/shop\\\/necklaces\\\/collana-in-argento925-con-zircone-pendente\\\/#primaryimage\"},\"thumbnailUrl\":\"https:\\\/\\\/kulto925.com\\\/wp-content\\\/uploads\\\/2024\\\/07\\\/K925-280.jpg\",\"datePublished\":\"2024-09-11T08:53:09+00:00\",\"dateModified\":\"2026-04-14T12:55:44+00:00\",\"breadcrumb\":{\"@id\":\"https:\\\/\\\/kulto925.com\\\/en\\\/shop\\\/necklaces\\\/collana-in-argento925-con-zircone-pendente\\\/#breadcrumb\"},\"inLanguage\":\"en-US\",\"potentialAction\":[{\"@type\":\"ReadAction\",\"target\":[\"https:\\\/\\\/kulto925.com\\\/en\\\/shop\\\/necklaces\\\/collana-in-argento925-con-zircone-pendente\\\/\"]}]},{\"@type\":\"ImageObject\",\"inLanguage\":\"en-US\",\"@id\":\"https:\\\/\\\/kulto925.com\\\/en\\\/shop\\\/necklaces\\\/collana-in-argento925-con-zircone-pendente\\\/#primaryimage\",\"url\":\"https:\\\/\\\/kulto925.com\\\/wp-content\\\/uploads\\\/2024\\\/07\\\/K925-280.jpg\",\"contentUrl\":\"https:\\\/\\\/kulto925.com\\\/wp-content\\\/uploads\\\/2024\\\/07\\\/K925-280.jpg\",\"width\":1200,\"height\":1200},{\"@type\":\"BreadcrumbList\",\"@id\":\"https:\\\/\\\/kulto925.com\\\/en\\\/shop\\\/necklaces\\\/collana-in-argento925-con-zircone-pendente\\\/#breadcrumb\",\"itemListElement\":[{\"@type\":\"ListItem\",\"position\":1,\"name\":\"Home\",\"item\":\"https:\\\/\\\/kulto925.com\\\/en\\\/\"},{\"@type\":\"ListItem\",\"position\":2,\"name\":\"Shop\",\"item\":\"https:\\\/\\\/kulto925.com\\\/en\\\/shop\\\/\"},{\"@type\":\"ListItem\",\"position\":3,\"name\":\"Collana in Argento925 con zircone pendente\"}]},{\"@type\":\"WebSite\",\"@id\":\"https:\\\/\\\/kulto925.com\\\/en\\\/#website\",\"url\":\"https:\\\/\\\/kulto925.com\\\/en\\\/\",\"name\":\"Kulto 925\",\"description\":\"Kulto 925\",\"publisher\":{\"@id\":\"https:\\\/\\\/kulto925.com\\\/en\\\/#organization\"},\"potentialAction\":[{\"@type\":\"SearchAction\",\"target\":{\"@type\":\"EntryPoint\",\"urlTemplate\":\"https:\\\/\\\/kulto925.com\\\/en\\\/?s={search_term_string}\"},\"query-input\":{\"@type\":\"PropertyValueSpecification\",\"valueRequired\":true,\"valueName\":\"search_term_string\"}}],\"inLanguage\":\"en-US\"},{\"@type\":\"Organization\",\"@id\":\"https:\\\/\\\/kulto925.com\\\/en\\\/#organization\",\"name\":\"Kulto 925\",\"url\":\"https:\\\/\\\/kulto925.com\\\/en\\\/\",\"logo\":{\"@type\":\"ImageObject\",\"inLanguage\":\"en-US\",\"@id\":\"https:\\\/\\\/kulto925.com\\\/en\\\/#\\\/schema\\\/logo\\\/image\\\/\",\"url\":\"https:\\\/\\\/kulto925.com\\\/wp-content\\\/uploads\\\/2023\\\/03\\\/logo-black-kulto925.svg\",\"contentUrl\":\"https:\\\/\\\/kulto925.com\\\/wp-content\\\/uploads\\\/2023\\\/03\\\/logo-black-kulto925.svg\",\"width\":1,\"height\":1,\"caption\":\"Kulto 925\"},\"image\":{\"@id\":\"https:\\\/\\\/kulto925.com\\\/en\\\/#\\\/schema\\\/logo\\\/image\\\/\"}}]}<\/script>\n<!-- \/ Yoast SEO plugin. -->","yoast_head_json":{"title":"Collana in Argento925 con zircone pendente - Kulto 925","robots":{"index":"index","follow":"follow","max-snippet":"max-snippet:-1","max-image-preview":"max-image-preview:large","max-video-preview":"max-video-preview:-1"},"canonical":"https:\/\/kulto925.com\/en\/shop\/necklaces\/collana-in-argento925-con-zircone-pendente\/","og_locale":"en_US","og_type":"article","og_title":"Collana in Argento925 con zircone pendente - Kulto 925","og_description":"Collana in argento 925 rodio oppure oro giallo. Colore pietra: bianco, zaffiro, rosa, oppure verde mela. Lunghezza: 38 cm regolabile a 43 cm.","og_url":"https:\/\/kulto925.com\/en\/shop\/necklaces\/collana-in-argento925-con-zircone-pendente\/","og_site_name":"Kulto 925","article_modified_time":"2026-04-14T12:55:44+00:00","og_image":[{"width":1200,"height":1200,"url":"https:\/\/kulto925.com\/wp-content\/uploads\/2024\/07\/K925-280.jpg","type":"image\/jpeg"}],"twitter_card":"summary_large_image","twitter_misc":{"Est. reading time":"1 minute"},"schema":{"@context":"https:\/\/schema.org","@graph":[{"@type":"WebPage","@id":"https:\/\/kulto925.com\/en\/shop\/necklaces\/collana-in-argento925-con-zircone-pendente\/","url":"https:\/\/kulto925.com\/en\/shop\/necklaces\/collana-in-argento925-con-zircone-pendente\/","name":"Collana in Argento925 con zircone pendente - Kulto 925","isPartOf":{"@id":"https:\/\/kulto925.com\/en\/#website"},"primaryImageOfPage":{"@id":"https:\/\/kulto925.com\/en\/shop\/necklaces\/collana-in-argento925-con-zircone-pendente\/#primaryimage"},"image":{"@id":"https:\/\/kulto925.com\/en\/shop\/necklaces\/collana-in-argento925-con-zircone-pendente\/#primaryimage"},"thumbnailUrl":"https:\/\/kulto925.com\/wp-content\/uploads\/2024\/07\/K925-280.jpg","datePublished":"2024-09-11T08:53:09+00:00","dateModified":"2026-04-14T12:55:44+00:00","breadcrumb":{"@id":"https:\/\/kulto925.com\/en\/shop\/necklaces\/collana-in-argento925-con-zircone-pendente\/#breadcrumb"},"inLanguage":"en-US","potentialAction":[{"@type":"ReadAction","target":["https:\/\/kulto925.com\/en\/shop\/necklaces\/collana-in-argento925-con-zircone-pendente\/"]}]},{"@type":"ImageObject","inLanguage":"en-US","@id":"https:\/\/kulto925.com\/en\/shop\/necklaces\/collana-in-argento925-con-zircone-pendente\/#primaryimage","url":"https:\/\/kulto925.com\/wp-content\/uploads\/2024\/07\/K925-280.jpg","contentUrl":"https:\/\/kulto925.com\/wp-content\/uploads\/2024\/07\/K925-280.jpg","width":1200,"height":1200},{"@type":"BreadcrumbList","@id":"https:\/\/kulto925.com\/en\/shop\/necklaces\/collana-in-argento925-con-zircone-pendente\/#breadcrumb","itemListElement":[{"@type":"ListItem","position":1,"name":"Home","item":"https:\/\/kulto925.com\/en\/"},{"@type":"ListItem","position":2,"name":"Shop","item":"https:\/\/kulto925.com\/en\/shop\/"},{"@type":"ListItem","position":3,"name":"Collana in Argento925 con zircone pendente"}]},{"@type":"WebSite","@id":"https:\/\/kulto925.com\/en\/#website","url":"https:\/\/kulto925.com\/en\/","name":"Kulto 925","description":"Kulto 925","publisher":{"@id":"https:\/\/kulto925.com\/en\/#organization"},"potentialAction":[{"@type":"SearchAction","target":{"@type":"EntryPoint","urlTemplate":"https:\/\/kulto925.com\/en\/?s={search_term_string}"},"query-input":{"@type":"PropertyValueSpecification","valueRequired":true,"valueName":"search_term_string"}}],"inLanguage":"en-US"},{"@type":"Organization","@id":"https:\/\/kulto925.com\/en\/#organization","name":"Kulto 925","url":"https:\/\/kulto925.com\/en\/","logo":{"@type":"ImageObject","inLanguage":"en-US","@id":"https:\/\/kulto925.com\/en\/#\/schema\/logo\/image\/","url":"https:\/\/kulto925.com\/wp-content\/uploads\/2023\/03\/logo-black-kulto925.svg","contentUrl":"https:\/\/kulto925.com\/wp-content\/uploads\/2023\/03\/logo-black-kulto925.svg","width":1,"height":1,"caption":"Kulto 925"},"image":{"@id":"https:\/\/kulto925.com\/en\/#\/schema\/logo\/image\/"}}]}},"_links":{"self":[{"href":"https:\/\/kulto925.com\/en\/wp-json\/wp\/v2\/product\/5879","targetHints":{"allow":["GET"]}}],"collection":[{"href":"https:\/\/kulto925.com\/en\/wp-json\/wp\/v2\/product"}],"about":[{"href":"https:\/\/kulto925.com\/en\/wp-json\/wp\/v2\/types\/product"}],"wp:featuredmedia":[{"embeddable":true,"href":"https:\/\/kulto925.com\/en\/wp-json\/wp\/v2\/media\/5839"}],"wp:attachment":[{"href":"https:\/\/kulto925.com\/en\/wp-json\/wp\/v2\/media?parent=5879"}],"wp:term":[{"taxonomy":"product_brand","embeddable":true,"href":"https:\/\/kulto925.com\/en\/wp-json\/wp\/v2\/product_brand?post=5879"},{"taxonomy":"product_cat","embeddable":true,"href":"https:\/\/kulto925.com\/en\/wp-json\/wp\/v2\/product_cat?post=5879"},{"taxonomy":"product_tag","embeddable":true,"href":"https:\/\/kulto925.com\/en\/wp-json\/wp\/v2\/product_tag?post=5879"}],"curies":[{"name":"wp","href":"https:\/\/api.w.org\/{rel}","templated":true}]}}